{"id":869,"date":"2020-11-21T19:36:41","date_gmt":"2020-11-21T18:36:41","guid":{"rendered":"http:\/\/dewieczorek.com\/gallerien\/die-wildpferde-von-duelmen\/"},"modified":"2020-12-06T18:21:04","modified_gmt":"2020-12-06T17:21:04","slug":"die-wildpferde-von-duelmen","status":"publish","type":"page","link":"https:\/\/dewieczorek.com\/de\/gallerien\/die-wildpferde-von-duelmen\/","title":{"rendered":"Die Wildpferde von D\u00fclmen"},"content":{"rendered":"\t\t<div data-elementor-type=\"wp-page\" data-elementor-id=\"869\" class=\"elementor elementor-869 elementor-845\">\n\t\t\t\t\t\t<div class=\"elementor-inner\">\n\t\t\t\t<div class=\"elementor-section-wrap\">\n\t\t\t\t\t\t\t\t\t<section class=\"elementor-section elementor-top-section elementor-element elementor-element-6fe20fe7 elementor-section-boxed elementor-section-height-default elementor-section-height-default\" data-id=\"6fe20fe7\" data-element_type=\"section\">\n\t\t\t\t\t\t<div class=\"elementor-container elementor-column-gap-default\">\n\t\t\t\t\t\t\t<div class=\"elementor-row\">\n\t\t\t\t\t<div class=\"elementor-column elementor-col-100 elementor-top-column elementor-element elementor-element-23b1e097\" data-id=\"23b1e097\" data-element_type=\"column\">\n\t\t\t<div class=\"elementor-column-wrap elementor-element-populated\">\n\t\t\t\t\t\t\t<div class=\"elementor-widget-wrap\">\n\t\t\t\t\t\t<div class=\"elementor-element elementor-element-4ab4b0b3 elementor-widget elementor-widget-text-editor\" data-id=\"4ab4b0b3\" data-element_type=\"widget\" data-widget_type=\"text-editor.default\">\n\t\t\t\t<div class=\"elementor-widget-container\">\n\t\t\t\t\t\t\t\t<div class=\"elementor-text-editor elementor-clearfix\">\n\t\t\t\t<p><\/p>\n<p>Die D\u00fclmener Wildpferde leben &#8211; weitgehend unbeeinflusst vom Menschen &#8211; relativ frei und ganzj\u00e4hrig im Merfelder Bruch. Die D\u00fclmener Wildpferde leben &#8211; weitgehend unbeeinflusst vom Menschen &#8211; relativ frei und ganzj\u00e4hrig im Merfelder Bruch.<\/p>\n<p><\/p>\n<p>Jedes Jahr seit 1907 werden am letzten Samstag im Mai die Junghengste von Hand gefangen und bei einer viel besuchten Veranstaltung versteigert. Die Deckhengste leben nur von Mai bis September in der Herde, um die Geburtsdaten der Fohlen zu kontrollieren. Die Herde selbst ist in Familiengruppen aufgeteilt, die aus verwandten Stuten und ihren Fohlen bestehen, die jeweils von einer F\u00fchrungsstute gef\u00fchrt werden.<\/p>\n<p><div class=\"ngg-pro-mosaic-container\" data-ngg-pro-mosaic-id=\"73574338f52922d8eaeeffa1de9e285e\"><\/div>\n<\/p>\n<p><\/p>\t\t\t\t\t<\/div>\n\t\t\t\t\t\t<\/div>\n\t\t\t\t<\/div>\n\t\t\t\t\t\t<\/div>\n\t\t\t\t\t<\/div>\n\t\t<\/div>\n\t\t\t\t\t\t\t\t<\/div>\n\t\t\t\t\t<\/div>\n\t\t<\/section>\n\t\t\t\t<section class=\"elementor-section elementor-top-section elementor-element elementor-element-ae2e7f2 elementor-section-boxed elementor-section-height-default elementor-section-height-default\" data-id=\"ae2e7f2\" data-element_type=\"section\">\n\t\t\t\t\t\t<div class=\"elementor-container elementor-column-gap-default\">\n\t\t\t\t\t\t\t<div class=\"elementor-row\">\n\t\t\t\t\t<div class=\"elementor-column elementor-col-100 elementor-top-column elementor-element elementor-element-1037fc9\" data-id=\"1037fc9\" data-element_type=\"column\">\n\t\t\t<div class=\"elementor-column-wrap elementor-element-populated\">\n\t\t\t\t\t\t\t<div class=\"elementor-widget-wrap\">\n\t\t\t\t\t\t<div class=\"elementor-element elementor-element-7fae978 elementor-align-center elementor-widget elementor-widget-button\" data-id=\"7fae978\" data-element_type=\"widget\" data-widget_type=\"button.default\">\n\t\t\t\t<div class=\"elementor-widget-container\">\n\t\t\t\t\t<div class=\"elementor-button-wrapper\">\n\t\t\t<a href=\"https:\/\/www.amazon.com\/s?k=9781320296083\" target=\"_blank\" class=\"elementor-button-link elementor-button elementor-size-sm broken_link\" role=\"button\">\n\t\t\t\t\t\t<span class=\"elementor-button-content-wrapper\">\n\t\t\t\t\t\t<span class=\"elementor-button-text\">Buch kaufen<\/span>\n\t\t<\/span>\n\t\t\t\t\t<\/a>\n\t\t<\/div>\n\t\t\t\t<\/div>\n\t\t\t\t<\/div>\n\t\t\t\t\t\t<\/div>\n\t\t\t\t\t<\/div>\n\t\t<\/div>\n\t\t\t\t\t\t\t\t<\/div>\n\t\t\t\t\t<\/div>\n\t\t<\/section>\n\t\t\t\t\t\t\t\t\t<\/div>\n\t\t\t<\/div>\n\t\t\t\t\t<\/div>\n\t\t","protected":false},"excerpt":{"rendered":"<p>Die D\u00fclmener Wildpferde leben &#8211; weitgehend unbeeinflusst vom Menschen &#8211; relativ frei und ganzj\u00e4hrig im Merfelder Bruch. Die D\u00fclmener Wildpferde leben &#8211; weitgehend unbeeinflusst vom Menschen &#8211; relativ frei und [&hellip;]<\/p>\n","protected":false},"author":1,"featured_media":935,"parent":805,"menu_order":3,"comment_status":"closed","ping_status":"closed","template":"","meta":{"ngg_post_thumbnail":0},"_links":{"self":[{"href":"https:\/\/dewieczorek.com\/de\/wp-json\/wp\/v2\/pages\/869"}],"collection":[{"href":"https:\/\/dewieczorek.com\/de\/wp-json\/wp\/v2\/pages"}],"about":[{"href":"https:\/\/dewieczorek.com\/de\/wp-json\/wp\/v2\/types\/page"}],"author":[{"embeddable":true,"href":"https:\/\/dewieczorek.com\/de\/wp-json\/wp\/v2\/users\/1"}],"replies":[{"embeddable":true,"href":"https:\/\/dewieczorek.com\/de\/wp-json\/wp\/v2\/comments?post=869"}],"version-history":[{"count":20,"href":"https:\/\/dewieczorek.com\/de\/wp-json\/wp\/v2\/pages\/869\/revisions"}],"predecessor-version":[{"id":1289,"href":"https:\/\/dewieczorek.com\/de\/wp-json\/wp\/v2\/pages\/869\/revisions\/1289"}],"up":[{"embeddable":true,"href":"https:\/\/dewieczorek.com\/de\/wp-json\/wp\/v2\/pages\/805"}],"wp:featuredmedia":[{"embeddable":true,"href":"https:\/\/dewieczorek.com\/de\/wp-json\/wp\/v2\/media\/935"}],"wp:attachment":[{"href":"https:\/\/dewieczorek.com\/de\/wp-json\/wp\/v2\/media?parent=869"}],"curies":[{"name":"wp","href":"https:\/\/api.w.org\/{rel}","templated":true}]}}