{"id":864,"date":"2020-11-21T19:35:36","date_gmt":"2020-11-21T18:35:36","guid":{"rendered":"http:\/\/dewieczorek.com\/gallerien\/berchtesgadener-land\/"},"modified":"2020-12-06T18:22:37","modified_gmt":"2020-12-06T17:22:37","slug":"berchtesgadener-land","status":"publish","type":"page","link":"https:\/\/dewieczorek.com\/de\/gallerien\/berchtesgadener-land\/","title":{"rendered":"Berchtesgadener Land"},"content":{"rendered":"\n<p>Das Berchtesgadener Land ist eine Region im \u00e4u\u00dfersten S\u00fcdosten Bayerns umgeben von einer intakten und urspr\u00fcnglichen Gebirgslandschaft deren Kerngebiet seit 1978 durch den Nationalpark Berchtesgaden gesch\u00fctzt ist. Mit seiner reichhaltigen Flora und Fauna und seiner einzigartigen Landschaft bietet der Nationalpark rund um den Watzmann und K\u00f6nigssee eine wahre Fundgrube f\u00fcr Landschafts- und Naturfotografen.<\/p>\n\n\n\n<style type='text\/css'>\n    #ngg-gallery-58ee6927629ce1998a43d31d100d7b44 .ngg-pro-masonry-item {\n        margin-bottom: 10px;\n    }\n<\/style>\n<div class=\"ngg-pro-masonry-wrapper\">\n    <div class=\"ngg-pro-masonry-spinner\">\n        <i class='fa fa-spin fa-spinner'><\/i>\n    <\/div>\n    <div class=\"ngg-pro-masonry\" id=\"ngg-gallery-58ee6927629ce1998a43d31d100d7b44\">\n        <div class='ngg-pro-masonry-gutter' style='width: 10px'><\/div>\n        <div class='ngg-pro-masonry-sizer' style='width: 180px'><\/div>\n                    <div class='ngg-pro-masonry-item' style='height: 273px; max-width: 180px;'>\n                <a href=\"https:\/\/dewieczorek.com\/wp-content\/gallery\/berchtesgadener_land\/IMG_2653_1.jpg\"\n                   title=\"\"\n                   data-src=\"https:\/\/dewieczorek.com\/wp-content\/gallery\/berchtesgadener_land\/IMG_2653_1.jpg\"\n                   data-thumbnail=\"https:\/\/dewieczorek.com\/wp-content\/gallery\/berchtesgadener_land\/cache\/IMG_2653_1.jpg-nggid03106-ngg0dyn-360x0-00f0w010c010r110f110r010t010.jpg\"\n                   data-image-id=\"106\"\n                   data-title=\"IMG_2653_1\"\n                   data-description=\"\"\n                   data-ngg-captions-nostylecopy=\"1\"\n                    class=\"ngg-simplelightbox\" rel=\"58ee6927629ce1998a43d31d100d7b44\">\n                    <picture>\n\t\n<source srcset='https:\/\/dewieczorek.com\/wp-content\/gallery\/berchtesgadener_land\/cache\/IMG_2653_1.jpg-nggid03106-ngg0dyn-180x0-00f0w010c010r110f110r010t010.jpg, https:\/\/dewieczorek.com\/wp-content\/gallery\/berchtesgadener_land\/cache\/IMG_2653_1.jpg-nggid03106-ngg0dyn-360x0-00f0w010c010r110f110r010t010.jpg 2x' media=''>\n<img title=\"IMG_2653_1\" alt=\"IMG_2653_1\" width=\"180\" height=\"273\" style=\"max-width:180px;max-height:273px\" src=\"https:\/\/dewieczorek.com\/wp-content\/gallery\/berchtesgadener_land\/cache\/IMG_2653_1.jpg-nggid03106-ngg0dyn-180x0-00f0w010c010r110f110r010t010.jpg\" srcset=\"https:\/\/dewieczorek.com\/wp-content\/gallery\/berchtesgadener_land\/cache\/IMG_2653_1.jpg-nggid03106-ngg0dyn-180x0-00f0w010c010r110f110r010t010.jpg, https:\/\/dewieczorek.com\/wp-content\/gallery\/berchtesgadener_land\/cache\/IMG_2653_1.jpg-nggid03106-ngg0dyn-360x0-00f0w010c010r110f110r010t010.jpg 2x\" onerror=\"nggRetryFailedImage(this);\"\/>\n<\/picture>                <\/a>\n            <\/div>\n                                            <div class='ngg-pro-masonry-item' style='height: 120px; max-width: 180px;'>\n                <a href=\"https:\/\/dewieczorek.com\/wp-content\/gallery\/berchtesgadener_land\/0Y7A8545.JPG\"\n                   title=\"\"\n                   data-src=\"https:\/\/dewieczorek.com\/wp-content\/gallery\/berchtesgadener_land\/0Y7A8545.JPG\"\n                   data-thumbnail=\"https:\/\/dewieczorek.com\/wp-content\/gallery\/berchtesgadener_land\/cache\/0Y7A8545.JPG-nggid03117-ngg0dyn-360x0-00f0w010c010r110f110r010t010.JPG\"\n                   data-image-id=\"117\"\n                   data-title=\"0Y7A8545\"\n                   data-description=\"\"\n                   data-ngg-captions-nostylecopy=\"1\"\n                    class=\"ngg-simplelightbox\" rel=\"58ee6927629ce1998a43d31d100d7b44\">\n                    <picture>\n\t\n<source srcset='https:\/\/dewieczorek.com\/wp-content\/gallery\/berchtesgadener_land\/cache\/0Y7A8545.JPG-nggid03117-ngg0dyn-180x0-00f0w010c010r110f110r010t010.JPG, https:\/\/dewieczorek.com\/wp-content\/gallery\/berchtesgadener_land\/cache\/0Y7A8545.JPG-nggid03117-ngg0dyn-360x0-00f0w010c010r110f110r010t010.JPG 2x' media=''>\n<img title=\"0Y7A8545\" alt=\"0Y7A8545\" width=\"180\" height=\"120\" style=\"max-width:180px;max-height:120px\" src=\"https:\/\/dewieczorek.com\/wp-content\/gallery\/berchtesgadener_land\/cache\/0Y7A8545.JPG-nggid03117-ngg0dyn-180x0-00f0w010c010r110f110r010t010.JPG\" srcset=\"https:\/\/dewieczorek.com\/wp-content\/gallery\/berchtesgadener_land\/cache\/0Y7A8545.JPG-nggid03117-ngg0dyn-180x0-00f0w010c010r110f110r010t010.JPG, https:\/\/dewieczorek.com\/wp-content\/gallery\/berchtesgadener_land\/cache\/0Y7A8545.JPG-nggid03117-ngg0dyn-360x0-00f0w010c010r110f110r010t010.JPG 2x\" onerror=\"nggRetryFailedImage(this);\"\/>\n<\/picture>                <\/a>\n            <\/div>\n                                            <div class='ngg-pro-masonry-item' style='height: 120px; max-width: 180px;'>\n                <a href=\"https:\/\/dewieczorek.com\/wp-content\/gallery\/berchtesgadener_land\/0Y7A8549.jpg\"\n                   title=\"\"\n                   data-src=\"https:\/\/dewieczorek.com\/wp-content\/gallery\/berchtesgadener_land\/0Y7A8549.jpg\"\n                   data-thumbnail=\"https:\/\/dewieczorek.com\/wp-content\/gallery\/berchtesgadener_land\/cache\/0Y7A8549.jpg-nggid03118-ngg0dyn-360x0-00f0w010c010r110f110r010t010.jpg\"\n                   data-image-id=\"118\"\n                   data-title=\"0Y7A8549\"\n                   data-description=\"\"\n                   data-ngg-captions-nostylecopy=\"1\"\n                    class=\"ngg-simplelightbox\" rel=\"58ee6927629ce1998a43d31d100d7b44\">\n                    <picture>\n\t\n<source srcset='https:\/\/dewieczorek.com\/wp-content\/gallery\/berchtesgadener_land\/cache\/0Y7A8549.jpg-nggid03118-ngg0dyn-180x0-00f0w010c010r110f110r010t010.jpg, https:\/\/dewieczorek.com\/wp-content\/gallery\/berchtesgadener_land\/cache\/0Y7A8549.jpg-nggid03118-ngg0dyn-360x0-00f0w010c010r110f110r010t010.jpg 2x' media=''>\n<img title=\"0Y7A8549\" alt=\"0Y7A8549\" width=\"180\" height=\"120\" style=\"max-width:180px;max-height:120px\" src=\"https:\/\/dewieczorek.com\/wp-content\/gallery\/berchtesgadener_land\/cache\/0Y7A8549.jpg-nggid03118-ngg0dyn-180x0-00f0w010c010r110f110r010t010.jpg\" srcset=\"https:\/\/dewieczorek.com\/wp-content\/gallery\/berchtesgadener_land\/cache\/0Y7A8549.jpg-nggid03118-ngg0dyn-180x0-00f0w010c010r110f110r010t010.jpg, https:\/\/dewieczorek.com\/wp-content\/gallery\/berchtesgadener_land\/cache\/0Y7A8549.jpg-nggid03118-ngg0dyn-360x0-00f0w010c010r110f110r010t010.jpg 2x\" onerror=\"nggRetryFailedImage(this);\"\/>\n<\/picture>                <\/a>\n            <\/div>\n                                            <div class='ngg-pro-masonry-item' style='height: 270px; max-width: 180px;'>\n                <a href=\"https:\/\/dewieczorek.com\/wp-content\/gallery\/berchtesgadener_land\/0Y7A8508-Bearbeitet.jpg\"\n                   title=\"\"\n                   data-src=\"https:\/\/dewieczorek.com\/wp-content\/gallery\/berchtesgadener_land\/0Y7A8508-Bearbeitet.jpg\"\n                   data-thumbnail=\"https:\/\/dewieczorek.com\/wp-content\/gallery\/berchtesgadener_land\/cache\/0Y7A8508-Bearbeitet.jpg-nggid03157-ngg0dyn-360x0-00f0w010c010r110f110r010t010.jpg\"\n                   data-image-id=\"157\"\n                   data-title=\"0Y7A8508-Bearbeitet\"\n                   data-description=\"\"\n                   data-ngg-captions-nostylecopy=\"1\"\n                    class=\"ngg-simplelightbox\" rel=\"58ee6927629ce1998a43d31d100d7b44\">\n                    <picture>\n\t\n<source srcset='https:\/\/dewieczorek.com\/wp-content\/gallery\/berchtesgadener_land\/cache\/0Y7A8508-Bearbeitet.jpg-nggid03157-ngg0dyn-180x0-00f0w010c010r110f110r010t010.jpg, https:\/\/dewieczorek.com\/wp-content\/gallery\/berchtesgadener_land\/cache\/0Y7A8508-Bearbeitet.jpg-nggid03157-ngg0dyn-360x0-00f0w010c010r110f110r010t010.jpg 2x' media=''>\n<img title=\"0Y7A8508-Bearbeitet\" alt=\"0Y7A8508-Bearbeitet\" width=\"180\" height=\"270\" style=\"max-width:180px;max-height:270px\" src=\"https:\/\/dewieczorek.com\/wp-content\/gallery\/berchtesgadener_land\/cache\/0Y7A8508-Bearbeitet.jpg-nggid03157-ngg0dyn-180x0-00f0w010c010r110f110r010t010.jpg\" srcset=\"https:\/\/dewieczorek.com\/wp-content\/gallery\/berchtesgadener_land\/cache\/0Y7A8508-Bearbeitet.jpg-nggid03157-ngg0dyn-180x0-00f0w010c010r110f110r010t010.jpg, https:\/\/dewieczorek.com\/wp-content\/gallery\/berchtesgadener_land\/cache\/0Y7A8508-Bearbeitet.jpg-nggid03157-ngg0dyn-360x0-00f0w010c010r110f110r010t010.jpg 2x\" onerror=\"nggRetryFailedImage(this);\"\/>\n<\/picture>                <\/a>\n            <\/div>\n                                            <\/div><\/div>\n\n\n\n<p><\/p>\n","protected":false},"excerpt":{"rendered":"<p>Das Berchtesgadener Land ist eine Region im \u00e4u\u00dfersten S\u00fcdosten Bayerns umgeben von einer intakten und urspr\u00fcnglichen Gebirgslandschaft deren Kerngebiet seit 1978 durch den Nationalpark Berchtesgaden gesch\u00fctzt ist. Mit seiner reichhaltigen [&hellip;]<\/p>\n","protected":false},"author":1,"featured_media":1095,"parent":805,"menu_order":4,"comment_status":"closed","ping_status":"closed","template":"","meta":{"ngg_post_thumbnail":0},"_links":{"self":[{"href":"https:\/\/dewieczorek.com\/de\/wp-json\/wp\/v2\/pages\/864"}],"collection":[{"href":"https:\/\/dewieczorek.com\/de\/wp-json\/wp\/v2\/pages"}],"about":[{"href":"https:\/\/dewieczorek.com\/de\/wp-json\/wp\/v2\/types\/page"}],"author":[{"embeddable":true,"href":"https:\/\/dewieczorek.com\/de\/wp-json\/wp\/v2\/users\/1"}],"replies":[{"embeddable":true,"href":"https:\/\/dewieczorek.com\/de\/wp-json\/wp\/v2\/comments?post=864"}],"version-history":[{"count":6,"href":"https:\/\/dewieczorek.com\/de\/wp-json\/wp\/v2\/pages\/864\/revisions"}],"predecessor-version":[{"id":1291,"href":"https:\/\/dewieczorek.com\/de\/wp-json\/wp\/v2\/pages\/864\/revisions\/1291"}],"up":[{"embeddable":true,"href":"https:\/\/dewieczorek.com\/de\/wp-json\/wp\/v2\/pages\/805"}],"wp:featuredmedia":[{"embeddable":true,"href":"https:\/\/dewieczorek.com\/de\/wp-json\/wp\/v2\/media\/1095"}],"wp:attachment":[{"href":"https:\/\/dewieczorek.com\/de\/wp-json\/wp\/v2\/media?parent=864"}],"curies":[{"name":"wp","href":"https:\/\/api.w.org\/{rel}","templated":true}]}}