{"id":841,"date":"2020-11-21T19:22:10","date_gmt":"2020-11-21T18:22:10","guid":{"rendered":"http:\/\/dewieczorek.com\/gallerien\/bayerischer-wald\/"},"modified":"2020-12-06T18:20:05","modified_gmt":"2020-12-06T17:20:05","slug":"bayerischer-wald","status":"publish","type":"page","link":"https:\/\/dewieczorek.com\/de\/gallerien\/bayerischer-wald\/","title":{"rendered":"Bayerischer Wald"},"content":{"rendered":"\n<p>Der Bayerische Wald ist eine bewaldetes Mittelgebirge im n\u00f6rdlichen Bayern, das etwa 100 Kilometer lang ist. Er verl\u00e4uft entlang der tschechischen Grenze und wird auf der tschechischen Seite durch den B\u00f6hmerwald fortgesetzt. Entlang der tschechischen Grenze wurde das Gebiet zwischen Lusen und Gro\u00dfem Falkenstein 1970 vom Freistaat Bayern mit zun\u00e4chst 130 km\u00b2 zum Nationalpark Bayerischer Wald, dem ersten Nationalpark in Deutschland, umgewidmet und 1997 mit der Staatswaldregion zwischen Gro\u00dfer Rachel und Gro\u00dfem Falkenstein auf 240 km\u00b2 erweitert. Der Nationalpark umfasst mehrere Gebiete mit dichter Vegetation, kleinen Seen und Regenmooren, die sich langsam zu einem Urwald entwickeln, und reicht von etwa 700 m bis in die H\u00f6henlagen um 1450 m.<\/p>\n\n\n\n<style type='text\/css'>\n    #ngg-gallery-267fe18995fa3d306521250bb71cf1ae .ngg-pro-masonry-item {\n        margin-bottom: 10px;\n    }\n<\/style>\n<div class=\"ngg-pro-masonry-wrapper\">\n    <div class=\"ngg-pro-masonry-spinner\">\n        <i class='fa fa-spin fa-spinner'><\/i>\n    <\/div>\n    <div class=\"ngg-pro-masonry\" id=\"ngg-gallery-267fe18995fa3d306521250bb71cf1ae\">\n        <div class='ngg-pro-masonry-gutter' style='width: 10px'><\/div>\n        <div class='ngg-pro-masonry-sizer' style='width: 180px'><\/div>\n                    <div class='ngg-pro-masonry-item' style='height: 270px; max-width: 180px;'>\n                <a href=\"https:\/\/dewieczorek.com\/wp-content\/gallery\/bavarian_forrest\/IMG_2718.JPG\"\n                   title=\"\"\n                   data-src=\"https:\/\/dewieczorek.com\/wp-content\/gallery\/bavarian_forrest\/IMG_2718.JPG\"\n                   data-thumbnail=\"https:\/\/dewieczorek.com\/wp-content\/gallery\/bavarian_forrest\/cache\/IMG_2718.JPG-nggid03101-ngg0dyn-360x0-00f0w010c010r110f110r010t010.JPG\"\n                   data-image-id=\"101\"\n                   data-title=\"IMG_2718\"\n                   data-description=\"\"\n                   data-ngg-captions-nostylecopy=\"1\"\n                    class=\"ngg-simplelightbox\" rel=\"267fe18995fa3d306521250bb71cf1ae\">\n                    <picture>\n\t\n<source srcset='https:\/\/dewieczorek.com\/wp-content\/gallery\/bavarian_forrest\/cache\/IMG_2718.JPG-nggid03101-ngg0dyn-180x0-00f0w010c010r110f110r010t010.JPG, https:\/\/dewieczorek.com\/wp-content\/gallery\/bavarian_forrest\/cache\/IMG_2718.JPG-nggid03101-ngg0dyn-360x0-00f0w010c010r110f110r010t010.JPG 2x' media=''>\n<img title=\"IMG_2718\" alt=\"IMG_2718\" width=\"180\" height=\"270\" style=\"max-width:180px;max-height:270px\" src=\"https:\/\/dewieczorek.com\/wp-content\/gallery\/bavarian_forrest\/cache\/IMG_2718.JPG-nggid03101-ngg0dyn-180x0-00f0w010c010r110f110r010t010.JPG\" srcset=\"https:\/\/dewieczorek.com\/wp-content\/gallery\/bavarian_forrest\/cache\/IMG_2718.JPG-nggid03101-ngg0dyn-180x0-00f0w010c010r110f110r010t010.JPG, https:\/\/dewieczorek.com\/wp-content\/gallery\/bavarian_forrest\/cache\/IMG_2718.JPG-nggid03101-ngg0dyn-360x0-00f0w010c010r110f110r010t010.JPG 2x\" onerror=\"nggRetryFailedImage(this);\"\/>\n<\/picture>                <\/a>\n            <\/div>\n                                            <div class='ngg-pro-masonry-item' style='height: 120px; max-width: 180px;'>\n                <a href=\"https:\/\/dewieczorek.com\/wp-content\/gallery\/bavarian_forrest\/IMG_1067.JPG\"\n                   title=\"\"\n                   data-src=\"https:\/\/dewieczorek.com\/wp-content\/gallery\/bavarian_forrest\/IMG_1067.JPG\"\n                   data-thumbnail=\"https:\/\/dewieczorek.com\/wp-content\/gallery\/bavarian_forrest\/cache\/IMG_1067.JPG-nggid03112-ngg0dyn-360x0-00f0w010c010r110f110r010t010.JPG\"\n                   data-image-id=\"112\"\n                   data-title=\"IMG_1067\"\n                   data-description=\"\"\n                   data-ngg-captions-nostylecopy=\"1\"\n                    class=\"ngg-simplelightbox\" rel=\"267fe18995fa3d306521250bb71cf1ae\">\n                    <picture>\n\t\n<source srcset='https:\/\/dewieczorek.com\/wp-content\/gallery\/bavarian_forrest\/cache\/IMG_1067.JPG-nggid03112-ngg0dyn-180x0-00f0w010c010r110f110r010t010.JPG, https:\/\/dewieczorek.com\/wp-content\/gallery\/bavarian_forrest\/cache\/IMG_1067.JPG-nggid03112-ngg0dyn-360x0-00f0w010c010r110f110r010t010.JPG 2x' media=''>\n<img title=\"IMG_1067\" alt=\"IMG_1067\" width=\"180\" height=\"120\" style=\"max-width:180px;max-height:120px\" src=\"https:\/\/dewieczorek.com\/wp-content\/gallery\/bavarian_forrest\/cache\/IMG_1067.JPG-nggid03112-ngg0dyn-180x0-00f0w010c010r110f110r010t010.JPG\" srcset=\"https:\/\/dewieczorek.com\/wp-content\/gallery\/bavarian_forrest\/cache\/IMG_1067.JPG-nggid03112-ngg0dyn-180x0-00f0w010c010r110f110r010t010.JPG, https:\/\/dewieczorek.com\/wp-content\/gallery\/bavarian_forrest\/cache\/IMG_1067.JPG-nggid03112-ngg0dyn-360x0-00f0w010c010r110f110r010t010.JPG 2x\" onerror=\"nggRetryFailedImage(this);\"\/>\n<\/picture>                <\/a>\n            <\/div>\n                                            <div class='ngg-pro-masonry-item' style='height: 120px; max-width: 180px;'>\n                <a href=\"https:\/\/dewieczorek.com\/wp-content\/gallery\/bavarian_forrest\/IMG_1077_1.jpg\"\n                   title=\"\"\n                   data-src=\"https:\/\/dewieczorek.com\/wp-content\/gallery\/bavarian_forrest\/IMG_1077_1.jpg\"\n                   data-thumbnail=\"https:\/\/dewieczorek.com\/wp-content\/gallery\/bavarian_forrest\/cache\/IMG_1077_1.jpg-nggid03113-ngg0dyn-360x0-00f0w010c010r110f110r010t010.jpg\"\n                   data-image-id=\"113\"\n                   data-title=\"IMG_1077_1\"\n                   data-description=\"\"\n                   data-ngg-captions-nostylecopy=\"1\"\n                    class=\"ngg-simplelightbox\" rel=\"267fe18995fa3d306521250bb71cf1ae\">\n                    <picture>\n\t\n<source srcset='https:\/\/dewieczorek.com\/wp-content\/gallery\/bavarian_forrest\/cache\/IMG_1077_1.jpg-nggid03113-ngg0dyn-180x0-00f0w010c010r110f110r010t010.jpg, https:\/\/dewieczorek.com\/wp-content\/gallery\/bavarian_forrest\/cache\/IMG_1077_1.jpg-nggid03113-ngg0dyn-360x0-00f0w010c010r110f110r010t010.jpg 2x' media=''>\n<img title=\"IMG_1077_1\" alt=\"IMG_1077_1\" width=\"180\" height=\"120\" style=\"max-width:180px;max-height:120px\" src=\"https:\/\/dewieczorek.com\/wp-content\/gallery\/bavarian_forrest\/cache\/IMG_1077_1.jpg-nggid03113-ngg0dyn-180x0-00f0w010c010r110f110r010t010.jpg\" srcset=\"https:\/\/dewieczorek.com\/wp-content\/gallery\/bavarian_forrest\/cache\/IMG_1077_1.jpg-nggid03113-ngg0dyn-180x0-00f0w010c010r110f110r010t010.jpg, https:\/\/dewieczorek.com\/wp-content\/gallery\/bavarian_forrest\/cache\/IMG_1077_1.jpg-nggid03113-ngg0dyn-360x0-00f0w010c010r110f110r010t010.jpg 2x\" onerror=\"nggRetryFailedImage(this);\"\/>\n<\/picture>                <\/a>\n            <\/div>\n                                            <div class='ngg-pro-masonry-item' style='height: 120px; max-width: 180px;'>\n                <a href=\"https:\/\/dewieczorek.com\/wp-content\/gallery\/bavarian_forrest\/IMG_2721.JPG\"\n                   title=\"\"\n                   data-src=\"https:\/\/dewieczorek.com\/wp-content\/gallery\/bavarian_forrest\/IMG_2721.JPG\"\n                   data-thumbnail=\"https:\/\/dewieczorek.com\/wp-content\/gallery\/bavarian_forrest\/cache\/IMG_2721.JPG-nggid03116-ngg0dyn-360x0-00f0w010c010r110f110r010t010.JPG\"\n                   data-image-id=\"116\"\n                   data-title=\"IMG_2721\"\n                   data-description=\"\"\n                   data-ngg-captions-nostylecopy=\"1\"\n                    class=\"ngg-simplelightbox\" rel=\"267fe18995fa3d306521250bb71cf1ae\">\n                    <picture>\n\t\n<source srcset='https:\/\/dewieczorek.com\/wp-content\/gallery\/bavarian_forrest\/cache\/IMG_2721.JPG-nggid03116-ngg0dyn-180x0-00f0w010c010r110f110r010t010.JPG, https:\/\/dewieczorek.com\/wp-content\/gallery\/bavarian_forrest\/cache\/IMG_2721.JPG-nggid03116-ngg0dyn-360x0-00f0w010c010r110f110r010t010.JPG 2x' media=''>\n<img title=\"IMG_2721\" alt=\"IMG_2721\" width=\"180\" height=\"120\" style=\"max-width:180px;max-height:120px\" src=\"https:\/\/dewieczorek.com\/wp-content\/gallery\/bavarian_forrest\/cache\/IMG_2721.JPG-nggid03116-ngg0dyn-180x0-00f0w010c010r110f110r010t010.JPG\" srcset=\"https:\/\/dewieczorek.com\/wp-content\/gallery\/bavarian_forrest\/cache\/IMG_2721.JPG-nggid03116-ngg0dyn-180x0-00f0w010c010r110f110r010t010.JPG, https:\/\/dewieczorek.com\/wp-content\/gallery\/bavarian_forrest\/cache\/IMG_2721.JPG-nggid03116-ngg0dyn-360x0-00f0w010c010r110f110r010t010.JPG 2x\" onerror=\"nggRetryFailedImage(this);\"\/>\n<\/picture>                <\/a>\n            <\/div>\n                                            <div class='ngg-pro-masonry-item' style='height: 120px; max-width: 180px;'>\n                <a href=\"https:\/\/dewieczorek.com\/wp-content\/gallery\/bavarian_forrest\/IMG_0368.jpg\"\n                   title=\"\"\n                   data-src=\"https:\/\/dewieczorek.com\/wp-content\/gallery\/bavarian_forrest\/IMG_0368.jpg\"\n                   data-thumbnail=\"https:\/\/dewieczorek.com\/wp-content\/gallery\/bavarian_forrest\/cache\/IMG_0368.jpg-nggid03166-ngg0dyn-360x0-00f0w010c010r110f110r010t010.jpg\"\n                   data-image-id=\"166\"\n                   data-title=\"IMG_0368\"\n                   data-description=\"\"\n                   data-ngg-captions-nostylecopy=\"1\"\n                    class=\"ngg-simplelightbox\" rel=\"267fe18995fa3d306521250bb71cf1ae\">\n                    <picture>\n\t\n<source srcset='https:\/\/dewieczorek.com\/wp-content\/gallery\/bavarian_forrest\/cache\/IMG_0368.jpg-nggid03166-ngg0dyn-180x0-00f0w010c010r110f110r010t010.jpg, https:\/\/dewieczorek.com\/wp-content\/gallery\/bavarian_forrest\/cache\/IMG_0368.jpg-nggid03166-ngg0dyn-360x0-00f0w010c010r110f110r010t010.jpg 2x' media=''>\n<img title=\"IMG_0368\" alt=\"IMG_0368\" width=\"180\" height=\"120\" style=\"max-width:180px;max-height:120px\" src=\"https:\/\/dewieczorek.com\/wp-content\/gallery\/bavarian_forrest\/cache\/IMG_0368.jpg-nggid03166-ngg0dyn-180x0-00f0w010c010r110f110r010t010.jpg\" srcset=\"https:\/\/dewieczorek.com\/wp-content\/gallery\/bavarian_forrest\/cache\/IMG_0368.jpg-nggid03166-ngg0dyn-180x0-00f0w010c010r110f110r010t010.jpg, https:\/\/dewieczorek.com\/wp-content\/gallery\/bavarian_forrest\/cache\/IMG_0368.jpg-nggid03166-ngg0dyn-360x0-00f0w010c010r110f110r010t010.jpg 2x\" onerror=\"nggRetryFailedImage(this);\"\/>\n<\/picture>                <\/a>\n            <\/div>\n                                            <div class='ngg-pro-masonry-item' style='height: 120px; max-width: 180px;'>\n                <a href=\"https:\/\/dewieczorek.com\/wp-content\/gallery\/bavarian_forrest\/IMG_0458.jpg\"\n                   title=\"\"\n                   data-src=\"https:\/\/dewieczorek.com\/wp-content\/gallery\/bavarian_forrest\/IMG_0458.jpg\"\n                   data-thumbnail=\"https:\/\/dewieczorek.com\/wp-content\/gallery\/bavarian_forrest\/cache\/IMG_0458.jpg-nggid03167-ngg0dyn-360x0-00f0w010c010r110f110r010t010.jpg\"\n                   data-image-id=\"167\"\n                   data-title=\"IMG_0458\"\n                   data-description=\"\"\n                   data-ngg-captions-nostylecopy=\"1\"\n                    class=\"ngg-simplelightbox\" rel=\"267fe18995fa3d306521250bb71cf1ae\">\n                    <picture>\n\t\n<source srcset='https:\/\/dewieczorek.com\/wp-content\/gallery\/bavarian_forrest\/cache\/IMG_0458.jpg-nggid03167-ngg0dyn-180x0-00f0w010c010r110f110r010t010.jpg, https:\/\/dewieczorek.com\/wp-content\/gallery\/bavarian_forrest\/cache\/IMG_0458.jpg-nggid03167-ngg0dyn-360x0-00f0w010c010r110f110r010t010.jpg 2x' media=''>\n<img title=\"IMG_0458\" alt=\"IMG_0458\" width=\"180\" height=\"120\" style=\"max-width:180px;max-height:120px\" src=\"https:\/\/dewieczorek.com\/wp-content\/gallery\/bavarian_forrest\/cache\/IMG_0458.jpg-nggid03167-ngg0dyn-180x0-00f0w010c010r110f110r010t010.jpg\" srcset=\"https:\/\/dewieczorek.com\/wp-content\/gallery\/bavarian_forrest\/cache\/IMG_0458.jpg-nggid03167-ngg0dyn-180x0-00f0w010c010r110f110r010t010.jpg, https:\/\/dewieczorek.com\/wp-content\/gallery\/bavarian_forrest\/cache\/IMG_0458.jpg-nggid03167-ngg0dyn-360x0-00f0w010c010r110f110r010t010.jpg 2x\" onerror=\"nggRetryFailedImage(this);\"\/>\n<\/picture>                <\/a>\n            <\/div>\n                                            <div class='ngg-pro-masonry-item' style='height: 120px; max-width: 180px;'>\n                <a href=\"https:\/\/dewieczorek.com\/wp-content\/gallery\/bavarian_forrest\/IMG_0366.jpg\"\n                   title=\"\"\n                   data-src=\"https:\/\/dewieczorek.com\/wp-content\/gallery\/bavarian_forrest\/IMG_0366.jpg\"\n                   data-thumbnail=\"https:\/\/dewieczorek.com\/wp-content\/gallery\/bavarian_forrest\/cache\/IMG_0366.jpg-nggid03169-ngg0dyn-360x0-00f0w010c010r110f110r010t010.jpg\"\n                   data-image-id=\"169\"\n                   data-title=\"IMG_0366\"\n                   data-description=\"\"\n                   data-ngg-captions-nostylecopy=\"1\"\n                    class=\"ngg-simplelightbox\" rel=\"267fe18995fa3d306521250bb71cf1ae\">\n                    <picture>\n\t\n<source srcset='https:\/\/dewieczorek.com\/wp-content\/gallery\/bavarian_forrest\/cache\/IMG_0366.jpg-nggid03169-ngg0dyn-180x0-00f0w010c010r110f110r010t010.jpg, https:\/\/dewieczorek.com\/wp-content\/gallery\/bavarian_forrest\/cache\/IMG_0366.jpg-nggid03169-ngg0dyn-360x0-00f0w010c010r110f110r010t010.jpg 2x' media=''>\n<img title=\"IMG_0366\" alt=\"IMG_0366\" width=\"180\" height=\"120\" style=\"max-width:180px;max-height:120px\" src=\"https:\/\/dewieczorek.com\/wp-content\/gallery\/bavarian_forrest\/cache\/IMG_0366.jpg-nggid03169-ngg0dyn-180x0-00f0w010c010r110f110r010t010.jpg\" srcset=\"https:\/\/dewieczorek.com\/wp-content\/gallery\/bavarian_forrest\/cache\/IMG_0366.jpg-nggid03169-ngg0dyn-180x0-00f0w010c010r110f110r010t010.jpg, https:\/\/dewieczorek.com\/wp-content\/gallery\/bavarian_forrest\/cache\/IMG_0366.jpg-nggid03169-ngg0dyn-360x0-00f0w010c010r110f110r010t010.jpg 2x\" onerror=\"nggRetryFailedImage(this);\"\/>\n<\/picture>                <\/a>\n            <\/div>\n                                            <div class='ngg-pro-masonry-item' style='height: 120px; max-width: 180px;'>\n                <a href=\"https:\/\/dewieczorek.com\/wp-content\/gallery\/bavarian_forrest\/IMG_0449.jpg\"\n                   title=\"\"\n                   data-src=\"https:\/\/dewieczorek.com\/wp-content\/gallery\/bavarian_forrest\/IMG_0449.jpg\"\n                   data-thumbnail=\"https:\/\/dewieczorek.com\/wp-content\/gallery\/bavarian_forrest\/cache\/IMG_0449.jpg-nggid03170-ngg0dyn-360x0-00f0w010c010r110f110r010t010.jpg\"\n                   data-image-id=\"170\"\n                   data-title=\"IMG_0449\"\n                   data-description=\"\"\n                   data-ngg-captions-nostylecopy=\"1\"\n                    class=\"ngg-simplelightbox\" rel=\"267fe18995fa3d306521250bb71cf1ae\">\n                    <picture>\n\t\n<source srcset='https:\/\/dewieczorek.com\/wp-content\/gallery\/bavarian_forrest\/cache\/IMG_0449.jpg-nggid03170-ngg0dyn-180x0-00f0w010c010r110f110r010t010.jpg, https:\/\/dewieczorek.com\/wp-content\/gallery\/bavarian_forrest\/cache\/IMG_0449.jpg-nggid03170-ngg0dyn-360x0-00f0w010c010r110f110r010t010.jpg 2x' media=''>\n<img title=\"IMG_0449\" alt=\"IMG_0449\" width=\"180\" height=\"120\" style=\"max-width:180px;max-height:120px\" src=\"https:\/\/dewieczorek.com\/wp-content\/gallery\/bavarian_forrest\/cache\/IMG_0449.jpg-nggid03170-ngg0dyn-180x0-00f0w010c010r110f110r010t010.jpg\" srcset=\"https:\/\/dewieczorek.com\/wp-content\/gallery\/bavarian_forrest\/cache\/IMG_0449.jpg-nggid03170-ngg0dyn-180x0-00f0w010c010r110f110r010t010.jpg, https:\/\/dewieczorek.com\/wp-content\/gallery\/bavarian_forrest\/cache\/IMG_0449.jpg-nggid03170-ngg0dyn-360x0-00f0w010c010r110f110r010t010.jpg 2x\" onerror=\"nggRetryFailedImage(this);\"\/>\n<\/picture>                <\/a>\n            <\/div>\n                                            <div class='ngg-pro-masonry-item' style='height: 120px; max-width: 180px;'>\n                <a href=\"https:\/\/dewieczorek.com\/wp-content\/gallery\/bavarian_forrest\/IMG_0445.jpg\"\n                   title=\"\"\n                   data-src=\"https:\/\/dewieczorek.com\/wp-content\/gallery\/bavarian_forrest\/IMG_0445.jpg\"\n                   data-thumbnail=\"https:\/\/dewieczorek.com\/wp-content\/gallery\/bavarian_forrest\/cache\/IMG_0445.jpg-nggid03171-ngg0dyn-360x0-00f0w010c010r110f110r010t010.jpg\"\n                   data-image-id=\"171\"\n                   data-title=\"IMG_0445\"\n                   data-description=\"\"\n                   data-ngg-captions-nostylecopy=\"1\"\n                    class=\"ngg-simplelightbox\" rel=\"267fe18995fa3d306521250bb71cf1ae\">\n                    <picture>\n\t\n<source srcset='https:\/\/dewieczorek.com\/wp-content\/gallery\/bavarian_forrest\/cache\/IMG_0445.jpg-nggid03171-ngg0dyn-180x0-00f0w010c010r110f110r010t010.jpg, https:\/\/dewieczorek.com\/wp-content\/gallery\/bavarian_forrest\/cache\/IMG_0445.jpg-nggid03171-ngg0dyn-360x0-00f0w010c010r110f110r010t010.jpg 2x' media=''>\n<img title=\"IMG_0445\" alt=\"IMG_0445\" width=\"180\" height=\"120\" style=\"max-width:180px;max-height:120px\" src=\"https:\/\/dewieczorek.com\/wp-content\/gallery\/bavarian_forrest\/cache\/IMG_0445.jpg-nggid03171-ngg0dyn-180x0-00f0w010c010r110f110r010t010.jpg\" srcset=\"https:\/\/dewieczorek.com\/wp-content\/gallery\/bavarian_forrest\/cache\/IMG_0445.jpg-nggid03171-ngg0dyn-180x0-00f0w010c010r110f110r010t010.jpg, https:\/\/dewieczorek.com\/wp-content\/gallery\/bavarian_forrest\/cache\/IMG_0445.jpg-nggid03171-ngg0dyn-360x0-00f0w010c010r110f110r010t010.jpg 2x\" onerror=\"nggRetryFailedImage(this);\"\/>\n<\/picture>                <\/a>\n            <\/div>\n                                            <\/div><\/div>\n\n\n\n<p><\/p>\n","protected":false},"excerpt":{"rendered":"<p>Der Bayerische Wald ist eine bewaldetes Mittelgebirge im n\u00f6rdlichen Bayern, das etwa 100 Kilometer lang ist. Er verl\u00e4uft entlang der tschechischen Grenze und wird auf der tschechischen Seite durch den [&hellip;]<\/p>\n","protected":false},"author":1,"featured_media":1097,"parent":805,"menu_order":1,"comment_status":"closed","ping_status":"closed","template":"","meta":{"ngg_post_thumbnail":0},"_links":{"self":[{"href":"https:\/\/dewieczorek.com\/de\/wp-json\/wp\/v2\/pages\/841"}],"collection":[{"href":"https:\/\/dewieczorek.com\/de\/wp-json\/wp\/v2\/pages"}],"about":[{"href":"https:\/\/dewieczorek.com\/de\/wp-json\/wp\/v2\/types\/page"}],"author":[{"embeddable":true,"href":"https:\/\/dewieczorek.com\/de\/wp-json\/wp\/v2\/users\/1"}],"replies":[{"embeddable":true,"href":"https:\/\/dewieczorek.com\/de\/wp-json\/wp\/v2\/comments?post=841"}],"version-history":[{"count":7,"href":"https:\/\/dewieczorek.com\/de\/wp-json\/wp\/v2\/pages\/841\/revisions"}],"predecessor-version":[{"id":1286,"href":"https:\/\/dewieczorek.com\/de\/wp-json\/wp\/v2\/pages\/841\/revisions\/1286"}],"up":[{"embeddable":true,"href":"https:\/\/dewieczorek.com\/de\/wp-json\/wp\/v2\/pages\/805"}],"wp:featuredmedia":[{"embeddable":true,"href":"https:\/\/dewieczorek.com\/de\/wp-json\/wp\/v2\/media\/1097"}],"wp:attachment":[{"href":"https:\/\/dewieczorek.com\/de\/wp-json\/wp\/v2\/media?parent=841"}],"curies":[{"name":"wp","href":"https:\/\/api.w.org\/{rel}","templated":true}]}}