{"id":814,"date":"2020-11-21T18:21:27","date_gmt":"2020-11-21T17:21:27","guid":{"rendered":"http:\/\/dewieczorek.com\/start\/"},"modified":"2020-11-29T20:35:36","modified_gmt":"2020-11-29T19:35:36","slug":"start","status":"publish","type":"page","link":"https:\/\/dewieczorek.com\/de\/","title":{"rendered":"Start"},"content":{"rendered":"\n<div class=\"wp-block-cover has-background-dim\" style=\"background-image:url(https:\/\/dewieczorek.com\/wp-content\/uploads\/2020\/11\/IMG_8692_pe_small.jpg);background-position:52% 86%\"><div class=\"wp-block-cover__inner-container\">\n<p class=\"has-text-align-center has-text-color has-large-font-size\" style=\"color:#ffffff\">Den richtigen Moment einfangen.<\/p>\n<\/div><\/div>\n\n\n\n<div style=\"height:100px\" aria-hidden=\"true\" class=\"wp-block-spacer\"><\/div>\n\n\n\n<h1 class=\"has-text-align-center\">Ein Fotojournalist f\u00fcr Natur und Landschaft.<\/h1>\n\n\n\n<p>Was die Landschaftsfotografie f\u00fcr mich ausmacht, ist dass hier die Aufnahmetechnik oftmals in den Hintergrund r\u00fcckt. Es kommt viel mehr auf das Einfangen von Licht und Stimmung an. Landschaftsfotografie lebt in hohem Ma\u00dfe vom nat\u00fcrlichen Licht und bedeutet in wahrsten Sinne des Wortes \u201emit Licht malen&#8220;.<br><\/p>\n\n\n\n<p>Daher zieht es mich seit vielen Jahren immer wieder an die unterschiedlichsten Orte, um dort die Landschaften bei den verschiedensten Bedingungen zu fotografieren und deren unvergleichliche Stimmung einzufangen.<\/p>\n\n\n\n<p class=\"has-text-align-center\"> <\/p>\n\n\n\n<div style=\"height:100px\" aria-hidden=\"true\" class=\"wp-block-spacer\"><\/div>\n","protected":false},"excerpt":{"rendered":"<p>Ein Fotojournalist f\u00fcr Natur und Landschaft. Was die Landschaftsfotografie f\u00fcr mich ausmacht, ist dass hier die Aufnahmetechnik oftmals in den Hintergrund r\u00fcckt. Es kommt viel mehr auf das Einfangen von [&hellip;]<\/p>\n","protected":false},"author":1,"featured_media":0,"parent":0,"menu_order":0,"comment_status":"closed","ping_status":"closed","template":"","meta":{"ngg_post_thumbnail":0},"_links":{"self":[{"href":"https:\/\/dewieczorek.com\/de\/wp-json\/wp\/v2\/pages\/814"}],"collection":[{"href":"https:\/\/dewieczorek.com\/de\/wp-json\/wp\/v2\/pages"}],"about":[{"href":"https:\/\/dewieczorek.com\/de\/wp-json\/wp\/v2\/types\/page"}],"author":[{"embeddable":true,"href":"https:\/\/dewieczorek.com\/de\/wp-json\/wp\/v2\/users\/1"}],"replies":[{"embeddable":true,"href":"https:\/\/dewieczorek.com\/de\/wp-json\/wp\/v2\/comments?post=814"}],"version-history":[{"count":8,"href":"https:\/\/dewieczorek.com\/de\/wp-json\/wp\/v2\/pages\/814\/revisions"}],"predecessor-version":[{"id":1199,"href":"https:\/\/dewieczorek.com\/de\/wp-json\/wp\/v2\/pages\/814\/revisions\/1199"}],"wp:attachment":[{"href":"https:\/\/dewieczorek.com\/de\/wp-json\/wp\/v2\/media?parent=814"}],"curies":[{"name":"wp","href":"https:\/\/api.w.org\/{rel}","templated":true}]}}